{"id":43,"date":"2015-09-22T12:29:28","date_gmt":"2015-09-22T10:29:28","guid":{"rendered":"http:\/\/208.79.234.206\/~funnywitch\/?page_id=43"},"modified":"2015-11-10T11:29:21","modified_gmt":"2015-11-10T10:29:21","slug":"work-with-us","status":"publish","type":"page","link":"https:\/\/www.funnywitch.it\/pb\/work-with-us\/","title":{"rendered":"trabalhar conosco"},"content":{"rendered":"<p><div class=\"clearfix blayers-column-row\" style=\"padding: 0px;\"><div class=\"row-content clearfix\">\n\t<div class=\"span12 blayers-column-container clearfix column_container\">\n\t\t<div class=\"clearfix \">\n\t\t<div class=\"wpb_wrapper\">\n\t\t\t<p><strong>TRABALHE CONOSCO<br \/>\n<\/strong><\/p>\n<p>Preencha todos os dados e anexar fotografia e Curriculum Vitae. Os perfis incompletos n\u00e3o ser\u00e3o levados em considera\u00e7\u00e3o.<\/p>\n\n\t\t<\/div> \n\t<\/div> \n\t<\/div> \n<\/div><\/div><div role=\"form\" class=\"wpcf7\" id=\"wpcf7-f124-o3\" lang=\"it-IT\" dir=\"ltr\">\n<div class=\"screen-reader-response\"><p role=\"status\" aria-live=\"polite\" aria-atomic=\"true\"><\/p> <ul><\/ul><\/div>\n<form action=\"\/pb\/wp-json\/wp\/v2\/pages\/43#wpcf7-f124-o3\" method=\"post\" class=\"wpcf7-form init\" enctype=\"multipart\/form-data\" novalidate=\"novalidate\" data-status=\"init\">\n<div style=\"display: none;\">\n<input type=\"hidden\" name=\"_wpcf7\" value=\"124\" \/>\n<input type=\"hidden\" name=\"_wpcf7_version\" value=\"5.5.3\" \/>\n<input type=\"hidden\" name=\"_wpcf7_locale\" value=\"it_IT\" \/>\n<input type=\"hidden\" name=\"_wpcf7_unit_tag\" value=\"wpcf7-f124-o3\" \/>\n<input type=\"hidden\" name=\"_wpcf7_container_post\" value=\"0\" \/>\n<input type=\"hidden\" name=\"_wpcf7_posted_data_hash\" value=\"\" \/>\n<\/div>\n<p>Name (obbligatorio)<br \/>\n    <span class=\"wpcf7-form-control-wrap your-name\"><input type=\"text\" name=\"your-name\" value=\"\" size=\"40\" class=\"wpcf7-form-control wpcf7-text wpcf7-validates-as-required\" aria-required=\"true\" aria-invalid=\"false\" \/><\/span> <\/p>\n<p>Email (obbligatoria)<br \/>\n    <span class=\"wpcf7-form-control-wrap your-email\"><input type=\"email\" name=\"your-email\" value=\"\" size=\"40\" class=\"wpcf7-form-control wpcf7-text wpcf7-email wpcf7-validates-as-required wpcf7-validates-as-email\" aria-required=\"true\" aria-invalid=\"false\" \/><\/span> <\/p>\n<p>Object<br \/>\n    <span class=\"wpcf7-form-control-wrap your-subject\"><input type=\"text\" name=\"your-subject\" value=\"\" size=\"40\" class=\"wpcf7-form-control wpcf7-text\" aria-invalid=\"false\" \/><\/span> <\/p>\n<p>Message<br \/>\n    <span class=\"wpcf7-form-control-wrap your-message\"><textarea name=\"your-message\" cols=\"40\" rows=\"10\" class=\"wpcf7-form-control wpcf7-textarea\" aria-invalid=\"false\"><\/textarea><\/span> <\/p>\n<p>Attach picture<\/p>\n<p><span class=\"wpcf7-form-control-wrap file-782\"><input type=\"file\" name=\"file-782\" size=\"40\" class=\"wpcf7-form-control wpcf7-file\" accept=\".pdf\" aria-invalid=\"false\" \/><\/span><\/p>\n<p>Attach Curriculum Vitae<\/p>\n<p><span class=\"wpcf7-form-control-wrap file-386\"><input type=\"file\" name=\"file-386\" size=\"40\" class=\"wpcf7-form-control wpcf7-file wpcf7-validates-as-required\" accept=\".jpeg,.jpg\" aria-required=\"true\" aria-invalid=\"false\" \/><\/span><\/p>\n<p><input type=\"submit\" value=\"Send\" class=\"wpcf7-form-control has-spinner wpcf7-submit\" \/><\/p>\n<div class=\"wpcf7-response-output\" aria-hidden=\"true\"><\/div><\/form><\/div><\/p>","protected":false},"excerpt":{"rendered":"TRABALHE CONOSCO Preencha todos os dados e anexar fotografia e Curriculum Vitae. Os perfis incompletos n\u00e3o ser\u00e3o levados em considera\u00e7\u00e3o. Name (obbligatorio) Email (obbligatoria) Object Message Attach picture Attach Curriculum Vitae","protected":false},"author":3,"featured_media":0,"parent":0,"menu_order":0,"comment_status":"closed","ping_status":"closed","template":"","meta":[],"yoast_head":"<!-- This site is optimized with the Yoast SEO plugin v17.8 - https:\/\/yoast.com\/wordpress\/plugins\/seo\/ -->\n<meta name=\"robots\" content=\"index, follow, max-snippet:-1, max-image-preview:large, max-video-preview:-1\" \/>\n<link rel=\"canonical\" href=\"https:\/\/www.funnywitch.it\/work-with-us\/\" \/>\n<meta property=\"og:locale\" content=\"pt_BR\" \/>\n<meta property=\"og:type\" content=\"article\" \/>\n<meta property=\"og:title\" content=\"trabalhar conosco - Funny Witch\" \/>\n<meta property=\"og:url\" content=\"https:\/\/www.funnywitch.it\/work-with-us\/\" \/>\n<meta property=\"og:site_name\" content=\"Funny Witch\" \/>\n<meta property=\"article:modified_time\" content=\"2015-11-10T10:29:21+00:00\" \/>\n<meta name=\"twitter:card\" content=\"summary\" \/>\n<meta name=\"twitter:label1\" content=\"Est. tempo de leitura\" \/>\n\t<meta name=\"twitter:data1\" content=\"1 minuto\" \/>\n<script type=\"application\/ld+json\" class=\"yoast-schema-graph\">{\"@context\":\"https:\/\/schema.org\",\"@graph\":[{\"@type\":\"WebSite\",\"@id\":\"https:\/\/www.funnywitch.it\/#website\",\"url\":\"https:\/\/www.funnywitch.it\/\",\"name\":\"Funny Witch\",\"description\":\"Events and communication\",\"potentialAction\":[{\"@type\":\"SearchAction\",\"target\":{\"@type\":\"EntryPoint\",\"urlTemplate\":\"https:\/\/www.funnywitch.it\/?s={search_term_string}\"},\"query-input\":\"required name=search_term_string\"}],\"inLanguage\":\"pt-BR\"},{\"@type\":\"WebPage\",\"@id\":\"https:\/\/www.funnywitch.it\/work-with-us\/#webpage\",\"url\":\"https:\/\/www.funnywitch.it\/work-with-us\/\",\"name\":\"trabalhar conosco - Funny Witch\",\"isPartOf\":{\"@id\":\"https:\/\/www.funnywitch.it\/#website\"},\"datePublished\":\"2015-09-22T10:29:28+00:00\",\"dateModified\":\"2015-11-10T10:29:21+00:00\",\"breadcrumb\":{\"@id\":\"https:\/\/www.funnywitch.it\/work-with-us\/#breadcrumb\"},\"inLanguage\":\"pt-BR\",\"potentialAction\":[{\"@type\":\"ReadAction\",\"target\":[\"https:\/\/www.funnywitch.it\/work-with-us\/\"]}]},{\"@type\":\"BreadcrumbList\",\"@id\":\"https:\/\/www.funnywitch.it\/work-with-us\/#breadcrumb\",\"itemListElement\":[{\"@type\":\"ListItem\",\"position\":1,\"name\":\"Home\",\"item\":\"https:\/\/www.funnywitch.it\/\"},{\"@type\":\"ListItem\",\"position\":2,\"name\":\"lavora con noi\"}]}]}<\/script>\n<!-- \/ Yoast SEO plugin. -->","yoast_head_json":{"robots":{"index":"index","follow":"follow","max-snippet":"max-snippet:-1","max-image-preview":"max-image-preview:large","max-video-preview":"max-video-preview:-1"},"canonical":"https:\/\/www.funnywitch.it\/work-with-us\/","og_locale":"pt_BR","og_type":"article","og_title":"trabalhar conosco - Funny Witch","og_url":"https:\/\/www.funnywitch.it\/work-with-us\/","og_site_name":"Funny Witch","article_modified_time":"2015-11-10T10:29:21+00:00","twitter_card":"summary","twitter_misc":{"Est. tempo de leitura":"1 minuto"},"schema":{"@context":"https:\/\/schema.org","@graph":[{"@type":"WebSite","@id":"https:\/\/www.funnywitch.it\/#website","url":"https:\/\/www.funnywitch.it\/","name":"Funny Witch","description":"Events and communication","potentialAction":[{"@type":"SearchAction","target":{"@type":"EntryPoint","urlTemplate":"https:\/\/www.funnywitch.it\/?s={search_term_string}"},"query-input":"required name=search_term_string"}],"inLanguage":"pt-BR"},{"@type":"WebPage","@id":"https:\/\/www.funnywitch.it\/work-with-us\/#webpage","url":"https:\/\/www.funnywitch.it\/work-with-us\/","name":"trabalhar conosco - Funny Witch","isPartOf":{"@id":"https:\/\/www.funnywitch.it\/#website"},"datePublished":"2015-09-22T10:29:28+00:00","dateModified":"2015-11-10T10:29:21+00:00","breadcrumb":{"@id":"https:\/\/www.funnywitch.it\/work-with-us\/#breadcrumb"},"inLanguage":"pt-BR","potentialAction":[{"@type":"ReadAction","target":["https:\/\/www.funnywitch.it\/work-with-us\/"]}]},{"@type":"BreadcrumbList","@id":"https:\/\/www.funnywitch.it\/work-with-us\/#breadcrumb","itemListElement":[{"@type":"ListItem","position":1,"name":"Home","item":"https:\/\/www.funnywitch.it\/"},{"@type":"ListItem","position":2,"name":"lavora con noi"}]}]}},"_links":{"self":[{"href":"https:\/\/www.funnywitch.it\/pb\/wp-json\/wp\/v2\/pages\/43"}],"collection":[{"href":"https:\/\/www.funnywitch.it\/pb\/wp-json\/wp\/v2\/pages"}],"about":[{"href":"https:\/\/www.funnywitch.it\/pb\/wp-json\/wp\/v2\/types\/page"}],"author":[{"embeddable":true,"href":"https:\/\/www.funnywitch.it\/pb\/wp-json\/wp\/v2\/users\/3"}],"replies":[{"embeddable":true,"href":"https:\/\/www.funnywitch.it\/pb\/wp-json\/wp\/v2\/comments?post=43"}],"version-history":[{"count":5,"href":"https:\/\/www.funnywitch.it\/pb\/wp-json\/wp\/v2\/pages\/43\/revisions"}],"predecessor-version":[{"id":309,"href":"https:\/\/www.funnywitch.it\/pb\/wp-json\/wp\/v2\/pages\/43\/revisions\/309"}],"wp:attachment":[{"href":"https:\/\/www.funnywitch.it\/pb\/wp-json\/wp\/v2\/media?parent=43"}],"curies":[{"name":"wp","href":"https:\/\/api.w.org\/{rel}","templated":true}]}}